{"id":53549,"date":"2023-08-04T07:23:52","date_gmt":"2023-08-04T05:23:52","guid":{"rendered":"https:\/\/dev-cta.corporaciontecnologica.com\/?page_id=53549"},"modified":"2023-08-04T08:12:07","modified_gmt":"2023-08-04T06:12:07","slug":"legal-warning","status":"publish","type":"page","link":"https:\/\/www.corporaciontecnologica.com\/en\/legal-warning\/","title":{"rendered":"Legal warning"},"content":{"rendered":"\t\t<div data-elementor-type=\"wp-page\" data-elementor-id=\"53549\" class=\"elementor elementor-53549\" data-elementor-post-type=\"page\">\n\t\t\t\t<div data-dce-background-color=\"#191919\" data-dce-background-image-url=\"https:\/\/www.corporaciontecnologica.com\/wp-content\/uploads\/2023\/08\/bg-header-s.png\" class=\"elementor-element elementor-element-dc1f2a3 e-flex e-con-boxed e-con e-parent\" data-id=\"dc1f2a3\" data-element_type=\"container\" data-e-type=\"container\" data-settings=\"{&quot;background_background&quot;:&quot;classic&quot;}\">\n\t\t\t\t\t<div class=\"e-con-inner\">\n\t\t\t\t<div data-dce-title-color=\"#FFFFFF\" class=\"elementor-element elementor-element-5164079 elementor-widget elementor-widget-heading\" data-id=\"5164079\" data-element_type=\"widget\" data-e-type=\"widget\" data-widget_type=\"heading.default\">\n\t\t\t\t<div class=\"elementor-widget-container\">\n\t\t\t\t\t<h1 class=\"elementor-heading-title elementor-size-default\">Legal warning<\/h1>\t\t\t\t<\/div>\n\t\t\t\t<\/div>\n\t\t\t\t\t<\/div>\n\t\t\t\t<\/div>\n\t\t<div class=\"elementor-element elementor-element-e3c72e8 e-flex e-con-boxed e-con e-parent\" data-id=\"e3c72e8\" data-element_type=\"container\" data-e-type=\"container\">\n\t\t\t\t\t<div class=\"e-con-inner\">\n\t\t\t\t<div class=\"elementor-element elementor-element-79cf10b elementor-widget elementor-widget-text-editor\" data-id=\"79cf10b\" data-element_type=\"widget\" data-e-type=\"widget\" data-widget_type=\"text-editor.default\">\n\t\t\t\t<div class=\"elementor-widget-container\">\n\t\t\t\t\t\t\t\t\tThis website has been created by CORPORACI\u00d3N TECNOL\u00d3GICA DE ANDALUCIA, hereinafter CTA, for informational purposes and for your personal use.\n\nThe fact of accessing this website implies knowledge and acceptance of the following terms and conditions.\n<h2><strong>1. Ownership of the website.<\/strong><\/h2>\nThe ownership of the domain, www.corporaciontecnologica.com is registered in favor of FUNDACI\u00d3N CORPORACI\u00d3N TECNOL\u00d3GICA DE ANDALUCIA, (hereinafter CTA), with CIF: G-91452953, and registered office in Seville, C\/Albert Einstein, s\/n. Insur Building, 4th floor, registered in the Registry of Foundations of Andalusia of the Ministry of Justice and Public Administration, with the number SE\/1001, according to Resolution of March 31, 2006.\n<h2><strong>2. Terms and Conditions.<\/strong><\/h2>\nThe contents and services included and offered on this website are not directed at those persons residing in those jurisdictions where they are not authorized.\n\nOnly those pages that appear within the website map are included in this website. The user voluntarily accesses this website.\n\nAccessing and browsing this website implies acceptance and knowledge of the legal warnings, conditions and terms of use contained therein.\n\nThe mere access does not imply the establishment of any type of commercial relationship between CTA and the user.\n\nThe Legal Notice and\/or the Conditions of Service of the CTA website, established for the services provided through this website, may undergo modifications of any kind, when CTA deems it appropriate or in order to adapt to legislative changes. and future technologies. These modifications will be conveniently notified, being valid from their publication on this website, unless otherwise stated.\n<h2><strong>3. Services.<\/strong><\/h2>\nCTA offers certain services to users, subject to the terms and conditions indicated on this website, and the user must carefully read the conditions that apply to each service, which in no case will exempt, unless expressly stated otherwise, compliance of what is expressed in the Legal Notice.\n<h2><strong>4. Contents.<\/strong><\/h2>\nCTA makes every effort to avoid errors in the content published on the website. All the contents offered through the website of which CTA is the owner or responsible are updated, CTA reserving the right to modify them at any time.\n<h2><strong>5. Limitation of Liability.<\/strong><\/h2>\nCTA is not responsible for any misuse that you may make of this website.\n\nThis Legal Notice is applicable only to the information collected through the CTA website.\n<h2><strong>6. Intellectual and Industrial Property.<\/strong><\/h2>\nThis website and the contents it houses are protected by current legislation on Intellectual Property. Modifying, copying, reproducing, downloading, transmitting, distributing or transforming the contents of the Portal is prohibited without the authorization of the owner of the corresponding rights or if it is legally permitted. Access to the website does not imply in any case acquisition by the users of any property right over the contents that appear on it.\n\nReferences to trademarks or registered trademarks or distinctive signs owned by CTA implicitly prohibit their use without the consent of CTA. At no time, unless expressly stated, does the access or use of the Portal and\/or its contents grant the user any right over the trademarks, logos and\/or distinctive signs included in it, protected by Law.\n<h2><strong>7. Navigation and Security.<\/strong><\/h2>\nCTA makes every effort to ensure that browsing through this website is carried out in the best conditions.\n<h2><strong>8. Privacy Policy and Data Protection.<\/strong><\/h2>\nAt CTA we work to guarantee privacy in the processing of your personal data. We have updated our Privacy Policy to what is established in EU REGULATION 2016\/679 of April 27, 2016, regarding the protection of natural persons with regard to the processing of personal data and the free circulation of these data.\n\nAny interested party who provides CTA with personal data through any means is informed that the person responsible for the processing of their data is carried out by Fundaci\u00f3n Corporaci\u00f3n Tecnol\u00f3gica de Andaluc\u00eda, with CIF: G91452953 and address in Seville (41092), Albert Einstein street. , s\/n.- Building: Insur, 4th floor.\n\nAt CTA, the processing of the data is carried out for the legitimate purposes provided in the consents provided by the interested parties when collecting their data, and it is carried out only for the time necessary for the purpose for which they were collected.\n\nCTA does not communicate the data to third parties, except by legal imperative, or under a previously formalized contract.\n\n<u>Rights of the interested party:<\/u>\n<ul>\n  <li>Access: right to obtain confirmation as to whether or not we are processing your personal data, to know what they are, what they are used for, how long they will be kept, their origin and whether they have been communicated or will be communicated to a third party.<\/li>\n  <li>Rectification: right to request the rectification of inaccurate data and to complete incomplete personal data.<\/li>\n  <li>Cancellation: right to request the deletion of personal data when they are inadequate, excessive or no longer necessary for the purposes for which they were collected, including the right to be forgotten.<\/li>\n  <li>Opposition: right to oppose, in certain circumstances, to the processing of your personal data or to request that the processing be stopped.<\/li>\n  <li>Limitation of Treatment: right to request, in the legally established circumstances, that your data is not processed beyond the mere conservation of these.<\/li>\n  <li>Portability: right to receive personal data in a structured, commonly used and machine-readable format, and to be able to transmit it to another controller, whenever technically possible.<\/li>\n<\/ul>\n<u>Exercise of rights:<\/u> The exercise of rights must be made in writing, attaching a photocopy of your identification document, and direct it to the email address <a href=\"mailto:info@corporaciontecnologica.com\">info @corporaciontecnologica.com<\/a>. For more information, see <a href=\"http:\/\/www.agpd.es\">www.agpd.es<\/a>\n\n<u>Right to complain to the Control Authority:<\/u> In the event that your rights have not been respected, you can file a claim by writing to the Spanish Agency for Data Protection located at calle Jorge Juan, 6 28001-Madrid or use the electronic office: <a href=\"https:\/\/sedeagpd.gob.es\">https:\/\/sedeagpd.gob.es<\/a>. In both cases, you must accompany the relevant documentation\n<h2><strong>9. Applicable legislation and competent courts.<\/strong><\/h2>\nThe terms and conditions that govern this website, as well as the relationships that may arise are protected and are subject to Spanish law.\n\nFor the resolution of any type of controversy, litigation or discrepancy that could arise between the user and CTA due to the use of this website, it is agreed to submit them to the Courts and Tribunals of SEVILLE, (Spain).\t\t\t\t\t\t\t\t<\/div>\n\t\t\t\t<\/div>\n\t\t\t\t\t<\/div>\n\t\t\t\t<\/div>\n\t\t\t\t<\/div>\n\t\t","protected":false},"excerpt":{"rendered":"<p>Legal warning This website has been created by CORPORACI\u00d3N TECNOL\u00d3GICA DE ANDALUCIA, hereinafter CTA, for informational purposes and for your personal use. The fact of accessing this website implies knowledge and acceptance of the following terms and conditions. 1. Ownership of the website. The ownership of the domain, www.corporaciontecnologica.com is registered in favor of FUNDACI\u00d3N [&hellip;]<\/p>\n","protected":false},"author":2,"featured_media":0,"parent":0,"menu_order":0,"comment_status":"closed","ping_status":"closed","template":"elementor_header_footer","meta":{"footnotes":""},"class_list":["post-53549","page","type-page","status-publish","hentry"],"yoast_head":"<!-- This site is optimized with the Yoast SEO Premium plugin v27.3 (Yoast SEO v27.3) - https:\/\/yoast.com\/product\/yoast-seo-premium-wordpress\/ -->\n<title>Legal warning - Corporaci\u00f3n Tecnol\u00f3gica de Andaluc\u00eda CTA<\/title>\n<meta name=\"robots\" content=\"index, follow, max-snippet:-1, max-image-preview:large, max-video-preview:-1\" \/>\n<link rel=\"canonical\" href=\"https:\/\/www.corporaciontecnologica.com\/en\/legal-warning\/\" \/>\n<meta property=\"og:locale\" content=\"en_US\" \/>\n<meta property=\"og:type\" content=\"article\" \/>\n<meta property=\"og:title\" content=\"Legal warning\" \/>\n<meta property=\"og:description\" content=\"Legal warning This website has been created by CORPORACI\u00d3N TECNOL\u00d3GICA DE ANDALUCIA, hereinafter CTA, for informational purposes and for your personal use. The fact of accessing this website implies knowledge and acceptance of the following terms and conditions. 1. Ownership of the website. The ownership of the domain, www.corporaciontecnologica.com is registered in favor of FUNDACI\u00d3N [&hellip;]\" \/>\n<meta property=\"og:url\" content=\"https:\/\/www.corporaciontecnologica.com\/en\/legal-warning\/\" \/>\n<meta property=\"og:site_name\" content=\"Corporaci\u00f3n Tecnol\u00f3gica de Andaluc\u00eda CTA\" \/>\n<meta property=\"article:publisher\" content=\"https:\/\/www.facebook.com\/CTAndalucia\" \/>\n<meta property=\"article:modified_time\" content=\"2023-08-04T06:12:07+00:00\" \/>\n<meta name=\"twitter:card\" content=\"summary_large_image\" \/>\n<meta name=\"twitter:site\" content=\"@CTAndalucia\" \/>\n<meta name=\"twitter:label1\" content=\"Est. reading time\" \/>\n\t<meta name=\"twitter:data1\" content=\"5 minutes\" \/>\n<script type=\"application\/ld+json\" class=\"yoast-schema-graph\">{\"@context\":\"https:\\\/\\\/schema.org\",\"@graph\":[{\"@type\":\"WebPage\",\"@id\":\"https:\\\/\\\/www.corporaciontecnologica.com\\\/en\\\/legal-warning\\\/\",\"url\":\"https:\\\/\\\/www.corporaciontecnologica.com\\\/en\\\/legal-warning\\\/\",\"name\":\"Legal warning - Corporaci\u00f3n Tecnol\u00f3gica de Andaluc\u00eda CTA\",\"isPartOf\":{\"@id\":\"https:\\\/\\\/www.corporaciontecnologica.com\\\/#website\"},\"datePublished\":\"2023-08-04T05:23:52+00:00\",\"dateModified\":\"2023-08-04T06:12:07+00:00\",\"breadcrumb\":{\"@id\":\"https:\\\/\\\/www.corporaciontecnologica.com\\\/en\\\/legal-warning\\\/#breadcrumb\"},\"inLanguage\":\"en-US\",\"potentialAction\":[{\"@type\":\"ReadAction\",\"target\":[\"https:\\\/\\\/www.corporaciontecnologica.com\\\/en\\\/legal-warning\\\/\"]}]},{\"@type\":\"BreadcrumbList\",\"@id\":\"https:\\\/\\\/www.corporaciontecnologica.com\\\/en\\\/legal-warning\\\/#breadcrumb\",\"itemListElement\":[{\"@type\":\"ListItem\",\"position\":1,\"name\":\"Home\",\"item\":\"https:\\\/\\\/www.corporaciontecnologica.com\\\/\"},{\"@type\":\"ListItem\",\"position\":2,\"name\":\"Legal warning\"}]},{\"@type\":\"WebSite\",\"@id\":\"https:\\\/\\\/www.corporaciontecnologica.com\\\/#website\",\"url\":\"https:\\\/\\\/www.corporaciontecnologica.com\\\/\",\"name\":\"Corporaci\u00f3n Tecnol\u00f3gica de Andaluc\u00eda CTA\",\"description\":\"\",\"publisher\":{\"@id\":\"https:\\\/\\\/www.corporaciontecnologica.com\\\/#organization\"},\"potentialAction\":[{\"@type\":\"SearchAction\",\"target\":{\"@type\":\"EntryPoint\",\"urlTemplate\":\"https:\\\/\\\/www.corporaciontecnologica.com\\\/?s={search_term_string}\"},\"query-input\":{\"@type\":\"PropertyValueSpecification\",\"valueRequired\":true,\"valueName\":\"search_term_string\"}}],\"inLanguage\":\"en-US\"},{\"@type\":\"Organization\",\"@id\":\"https:\\\/\\\/www.corporaciontecnologica.com\\\/#organization\",\"name\":\"Corporaci\u00f3n Tecnol\u00f3gica de Andaluc\u00eda CTA\",\"url\":\"https:\\\/\\\/www.corporaciontecnologica.com\\\/\",\"logo\":{\"@type\":\"ImageObject\",\"inLanguage\":\"en-US\",\"@id\":\"https:\\\/\\\/www.corporaciontecnologica.com\\\/#\\\/schema\\\/logo\\\/image\\\/\",\"url\":\"https:\\\/\\\/www.corporaciontecnologica.com\\\/wp-content\\\/uploads\\\/2025\\\/01\\\/cropped-350x100TransparenteBlanco.png\",\"contentUrl\":\"https:\\\/\\\/www.corporaciontecnologica.com\\\/wp-content\\\/uploads\\\/2025\\\/01\\\/cropped-350x100TransparenteBlanco.png\",\"width\":349,\"height\":99,\"caption\":\"Corporaci\u00f3n Tecnol\u00f3gica de Andaluc\u00eda CTA\"},\"image\":{\"@id\":\"https:\\\/\\\/www.corporaciontecnologica.com\\\/#\\\/schema\\\/logo\\\/image\\\/\"},\"sameAs\":[\"https:\\\/\\\/www.facebook.com\\\/CTAndalucia\",\"https:\\\/\\\/x.com\\\/CTAndalucia\",\"https:\\\/\\\/www.linkedin.com\\\/company\\\/cta-corporaci-n-tecnol-gica-de-andaluc-a-\"]}]}<\/script>\n<!-- \/ Yoast SEO Premium plugin. -->","yoast_head_json":{"title":"Legal warning - Corporaci\u00f3n Tecnol\u00f3gica de Andaluc\u00eda CTA","robots":{"index":"index","follow":"follow","max-snippet":"max-snippet:-1","max-image-preview":"max-image-preview:large","max-video-preview":"max-video-preview:-1"},"canonical":"https:\/\/www.corporaciontecnologica.com\/en\/legal-warning\/","og_locale":"en_US","og_type":"article","og_title":"Legal warning","og_description":"Legal warning This website has been created by CORPORACI\u00d3N TECNOL\u00d3GICA DE ANDALUCIA, hereinafter CTA, for informational purposes and for your personal use. The fact of accessing this website implies knowledge and acceptance of the following terms and conditions. 1. Ownership of the website. The ownership of the domain, www.corporaciontecnologica.com is registered in favor of FUNDACI\u00d3N [&hellip;]","og_url":"https:\/\/www.corporaciontecnologica.com\/en\/legal-warning\/","og_site_name":"Corporaci\u00f3n Tecnol\u00f3gica de Andaluc\u00eda CTA","article_publisher":"https:\/\/www.facebook.com\/CTAndalucia","article_modified_time":"2023-08-04T06:12:07+00:00","twitter_card":"summary_large_image","twitter_site":"@CTAndalucia","twitter_misc":{"Est. reading time":"5 minutes"},"schema":{"@context":"https:\/\/schema.org","@graph":[{"@type":"WebPage","@id":"https:\/\/www.corporaciontecnologica.com\/en\/legal-warning\/","url":"https:\/\/www.corporaciontecnologica.com\/en\/legal-warning\/","name":"Legal warning - Corporaci\u00f3n Tecnol\u00f3gica de Andaluc\u00eda CTA","isPartOf":{"@id":"https:\/\/www.corporaciontecnologica.com\/#website"},"datePublished":"2023-08-04T05:23:52+00:00","dateModified":"2023-08-04T06:12:07+00:00","breadcrumb":{"@id":"https:\/\/www.corporaciontecnologica.com\/en\/legal-warning\/#breadcrumb"},"inLanguage":"en-US","potentialAction":[{"@type":"ReadAction","target":["https:\/\/www.corporaciontecnologica.com\/en\/legal-warning\/"]}]},{"@type":"BreadcrumbList","@id":"https:\/\/www.corporaciontecnologica.com\/en\/legal-warning\/#breadcrumb","itemListElement":[{"@type":"ListItem","position":1,"name":"Home","item":"https:\/\/www.corporaciontecnologica.com\/"},{"@type":"ListItem","position":2,"name":"Legal warning"}]},{"@type":"WebSite","@id":"https:\/\/www.corporaciontecnologica.com\/#website","url":"https:\/\/www.corporaciontecnologica.com\/","name":"Corporaci\u00f3n Tecnol\u00f3gica de Andaluc\u00eda CTA","description":"","publisher":{"@id":"https:\/\/www.corporaciontecnologica.com\/#organization"},"potentialAction":[{"@type":"SearchAction","target":{"@type":"EntryPoint","urlTemplate":"https:\/\/www.corporaciontecnologica.com\/?s={search_term_string}"},"query-input":{"@type":"PropertyValueSpecification","valueRequired":true,"valueName":"search_term_string"}}],"inLanguage":"en-US"},{"@type":"Organization","@id":"https:\/\/www.corporaciontecnologica.com\/#organization","name":"Corporaci\u00f3n Tecnol\u00f3gica de Andaluc\u00eda CTA","url":"https:\/\/www.corporaciontecnologica.com\/","logo":{"@type":"ImageObject","inLanguage":"en-US","@id":"https:\/\/www.corporaciontecnologica.com\/#\/schema\/logo\/image\/","url":"https:\/\/www.corporaciontecnologica.com\/wp-content\/uploads\/2025\/01\/cropped-350x100TransparenteBlanco.png","contentUrl":"https:\/\/www.corporaciontecnologica.com\/wp-content\/uploads\/2025\/01\/cropped-350x100TransparenteBlanco.png","width":349,"height":99,"caption":"Corporaci\u00f3n Tecnol\u00f3gica de Andaluc\u00eda CTA"},"image":{"@id":"https:\/\/www.corporaciontecnologica.com\/#\/schema\/logo\/image\/"},"sameAs":["https:\/\/www.facebook.com\/CTAndalucia","https:\/\/x.com\/CTAndalucia","https:\/\/www.linkedin.com\/company\/cta-corporaci-n-tecnol-gica-de-andaluc-a-"]}]}},"_links":{"self":[{"href":"https:\/\/www.corporaciontecnologica.com\/en\/wp-json\/wp\/v2\/pages\/53549","targetHints":{"allow":["GET"]}}],"collection":[{"href":"https:\/\/www.corporaciontecnologica.com\/en\/wp-json\/wp\/v2\/pages"}],"about":[{"href":"https:\/\/www.corporaciontecnologica.com\/en\/wp-json\/wp\/v2\/types\/page"}],"author":[{"embeddable":true,"href":"https:\/\/www.corporaciontecnologica.com\/en\/wp-json\/wp\/v2\/users\/2"}],"replies":[{"embeddable":true,"href":"https:\/\/www.corporaciontecnologica.com\/en\/wp-json\/wp\/v2\/comments?post=53549"}],"version-history":[{"count":0,"href":"https:\/\/www.corporaciontecnologica.com\/en\/wp-json\/wp\/v2\/pages\/53549\/revisions"}],"wp:attachment":[{"href":"https:\/\/www.corporaciontecnologica.com\/en\/wp-json\/wp\/v2\/media?parent=53549"}],"curies":[{"name":"wp","href":"https:\/\/api.w.org\/{rel}","templated":true}]}}