{"id":63725,"date":"2025-04-25T09:14:21","date_gmt":"2025-04-25T08:14:21","guid":{"rendered":"https:\/\/www.corporaciontecnologica.com\/?page_id=63725"},"modified":"2025-04-25T09:22:05","modified_gmt":"2025-04-25T08:22:05","slug":"advisory-body","status":"publish","type":"page","link":"https:\/\/www.corporaciontecnologica.com\/en\/advisory-body\/","title":{"rendered":"Advisory body"},"content":{"rendered":"\t\t<div data-elementor-type=\"wp-page\" data-elementor-id=\"63725\" class=\"elementor elementor-63725 elementor-63710\" data-elementor-post-type=\"page\">\n\t\t\t\t<div data-dce-background-color=\"#191919\" data-dce-background-image-url=\"https:\/\/www.corporaciontecnologica.com\/wp-content\/uploads\/2025\/04\/bg-header-s.png\" class=\"elementor-element elementor-element-af0e75d e-flex e-con-boxed e-con e-parent\" data-id=\"af0e75d\" data-element_type=\"container\" data-e-type=\"container\" data-settings=\"{&quot;background_background&quot;:&quot;classic&quot;}\">\n\t\t\t\t\t<div class=\"e-con-inner\">\n\t\t\t\t<div data-dce-title-color=\"#FFFFFF\" class=\"elementor-element elementor-element-66005b3 elementor-widget elementor-widget-heading\" data-id=\"66005b3\" data-element_type=\"widget\" data-e-type=\"widget\" data-widget_type=\"heading.default\">\n\t\t\t\t<div class=\"elementor-widget-container\">\n\t\t\t\t\t<h2 class=\"elementor-heading-title elementor-size-default\">Advisory body<\/h2>\t\t\t\t<\/div>\n\t\t\t\t<\/div>\n\t\t\t\t\t<\/div>\n\t\t\t\t<\/div>\n\t\t<div class=\"elementor-element elementor-element-3c9cd0d e-flex e-con-boxed e-con e-parent\" data-id=\"3c9cd0d\" data-element_type=\"container\" data-e-type=\"container\">\n\t\t\t\t\t<div class=\"e-con-inner\">\n\t\t\t\t<div class=\"elementor-element elementor-element-19ad96d elementor-widget elementor-widget-menu-anchor\" data-id=\"19ad96d\" data-element_type=\"widget\" data-e-type=\"widget\" data-widget_type=\"menu-anchor.default\">\n\t\t\t\t<div class=\"elementor-widget-container\">\n\t\t\t\t\t\t\t<div class=\"elementor-menu-anchor\" id=\"sectoral-technical-committees\"><\/div>\n\t\t\t\t\t\t<\/div>\n\t\t\t\t<\/div>\n\t\t\t\t<div data-dce-title-color=\"#000000\" class=\"elementor-element elementor-element-a8b4291 elementor-widget elementor-widget-heading\" data-id=\"a8b4291\" data-element_type=\"widget\" data-e-type=\"widget\" data-widget_type=\"heading.default\">\n\t\t\t\t<div class=\"elementor-widget-container\">\n\t\t\t\t\t<h2 class=\"elementor-heading-title elementor-size-default\">Sectoral technical committees<\/h2>\t\t\t\t<\/div>\n\t\t\t\t<\/div>\n\t\t\t\t<div class=\"elementor-element elementor-element-cf61eaf elementor-widget__width-inherit elementor-widget-divider--view-line elementor-widget elementor-widget-divider\" data-id=\"cf61eaf\" data-element_type=\"widget\" data-e-type=\"widget\" data-settings=\"{&quot;_animation&quot;:&quot;none&quot;,&quot;_animation_delay&quot;:500}\" data-widget_type=\"divider.default\">\n\t\t\t\t<div class=\"elementor-widget-container\">\n\t\t\t\t\t\t\t<div class=\"elementor-divider\">\n\t\t\t<span class=\"elementor-divider-separator\">\n\t\t\t\t\t\t<\/span>\n\t\t<\/div>\n\t\t\t\t\t\t<\/div>\n\t\t\t\t<\/div>\n\t\t\t\t<div data-dce-text-color=\"#000000\" class=\"elementor-element elementor-element-04dab2c elementor-widget elementor-widget-text-editor\" data-id=\"04dab2c\" data-element_type=\"widget\" data-e-type=\"widget\" data-widget_type=\"text-editor.default\">\n\t\t\t\t<div class=\"elementor-widget-container\">\n\t\t\t\t\t\t\t\t\t<p>They are sectoral advisory bodies whose mission is:<\/p>\n\t\t\t\t\t\t\t\t<\/div>\n\t\t\t\t<\/div>\n\t\t<div class=\"elementor-element elementor-element-68449d4 e-flex e-con-boxed e-con e-child\" data-id=\"68449d4\" data-element_type=\"container\" data-e-type=\"container\">\n\t\t\t\t\t<div class=\"e-con-inner\">\n\t\t<div class=\"elementor-element elementor-element-e1a01d1 e-flex e-con-boxed e-con e-child\" data-id=\"e1a01d1\" data-element_type=\"container\" data-e-type=\"container\">\n\t\t\t\t\t<div class=\"e-con-inner\">\n\t\t\t\t<div data-dce-text-color=\"#000000\" class=\"elementor-element elementor-element-d53bc6b lista-bullet-cuadrado-s elementor-widget elementor-widget-text-editor\" data-id=\"d53bc6b\" data-element_type=\"widget\" data-e-type=\"widget\" data-widget_type=\"text-editor.default\">\n\t\t\t\t<div class=\"elementor-widget-container\">\n\t\t\t\t\t\t\t\t\t<ul>\n<li>Advise the Management in the definition of the main lines of action<\/li>\n<li>Promote prospective technological studies<\/li>\n<li>Report on the evolution of the incentivized projects<\/li>\n<li>Generate networking among its members.<\/li>\n<\/ul>\n<p>There is a CTS for each of the strategic sectors in which CTA operates:<\/p>\n\t\t\t\t\t\t\t\t<\/div>\n\t\t\t\t<\/div>\n\t\t<div class=\"elementor-element elementor-element-af6f893 e-flex e-con-boxed e-con e-child\" data-id=\"af6f893\" data-element_type=\"container\" data-e-type=\"container\">\n\t\t\t\t\t<div class=\"e-con-inner\">\n\t\t<div class=\"elementor-element elementor-element-392f2a8 e-flex e-con-boxed e-con e-child\" data-id=\"392f2a8\" data-element_type=\"container\" data-e-type=\"container\">\n\t\t\t\t\t<div class=\"e-con-inner\">\n\t\t\t\t<div data-dce-text-color=\"#000000\" class=\"elementor-element elementor-element-e768fae elementor-icon-list--layout-traditional elementor-list-item-link-full_width elementor-widget elementor-widget-icon-list\" data-id=\"e768fae\" data-element_type=\"widget\" data-e-type=\"widget\" data-widget_type=\"icon-list.default\">\n\t\t\t\t<div class=\"elementor-widget-container\">\n\t\t\t\t\t\t\t<ul class=\"elementor-icon-list-items\">\n\t\t\t\t\t\t\t<li class=\"elementor-icon-list-item\">\n\t\t\t\t\t\t\t\t\t\t\t<span class=\"elementor-icon-list-icon\">\n\t\t\t\t\t\t\t<svg xmlns=\"http:\/\/www.w3.org\/2000\/svg\" width=\"124.594\" height=\"144.495\" viewBox=\"0 0 124.594 144.495\"><path id=\"Sustracci&#xF3;n_1\" data-name=\"Sustracci&#xF3;n 1\" d=\"M-597.2,119.04h-32.618l3.327-13.977,9.583-40.245-8.412-.091-6.319,8.033-3.369,4.28-5.447.05-11.3.1-15.732.143,4.828-14.971,4.972-15.422-5.254-15.934L-668,15.672l16.141.439,11.3.306,5.321.144,3.29,4.181,6.207,7.891h82.333V39.982H-631.25l-9.615-12.222-11.3-.307,6.414,19.449-6.108,18.941,11.3-.1,9.772-12.425,28.207.306-12.872,54.068h11.622l30.375-53.865h30.049V65.175h-23.421l-27.119,48.091-3.255,5.774ZM-607.979,17.279h-11.666l-6.846-28.756-3.327-13.977H-597.2l3.255,5.774L-573.1,17.277h-13.028l-17.7-31.385h-11.622l7.473,31.385Z\" transform=\"translate(668 25.455)\" fill=\"#11a3dd\"><\/path><\/svg>\t\t\t\t\t\t<\/span>\n\t\t\t\t\t\t\t\t\t\t<span class=\"elementor-icon-list-text\">Aerospace and Production Processes<\/span>\n\t\t\t\t\t\t\t\t\t<\/li>\n\t\t\t\t\t\t\t\t<li class=\"elementor-icon-list-item\">\n\t\t\t\t\t\t\t\t\t\t\t<span class=\"elementor-icon-list-icon\">\n\t\t\t\t\t\t\t<svg xmlns=\"http:\/\/www.w3.org\/2000\/svg\" width=\"98.888\" height=\"145.158\" viewBox=\"0 0 98.888 145.158\"><path id=\"Sustracci&#xF3;n_2\" data-name=\"Sustracci&#xF3;n 2\" d=\"M-607.888,145.254a31.78,31.78,0,0,1-31.743-31.745,31.563,31.563,0,0,1,1.914-10.751,31.516,31.516,0,0,1-10.753-2.213,31.666,31.666,0,0,1-9.083-5.529,31.836,31.836,0,0,1-6.736-8.168A31.471,31.471,0,0,1-668,76.72h12.384a19.6,19.6,0,0,0,2.723,5.6,19.792,19.792,0,0,0,4.277,4.432,19.457,19.457,0,0,0,11.824,3.965,19.523,19.523,0,0,0,10.917-3.333l.177-.124c.074-.053.148-.105.224-.156a19.794,19.794,0,0,0,7.506-10.385h20.189a19.589,19.589,0,0,0,2.722,5.6,19.783,19.783,0,0,0,4.276,4.432,19.459,19.459,0,0,0,11.824,3.965,19.609,19.609,0,0,0,9.845-2.648v13.139a31.625,31.625,0,0,1-8.947,1.551,31.543,31.543,0,0,1,1.912,10.75A31.779,31.779,0,0,1-607.888,145.254Zm0-51.406a19.684,19.684,0,0,0-19.662,19.661,19.686,19.686,0,0,0,19.662,19.665,19.685,19.685,0,0,0,19.661-19.665A19.684,19.684,0,0,0-607.888,93.848Zm10.361-29.208h-20.7a19.681,19.681,0,0,0-18.57-13.25,19.68,19.68,0,0,0-18.567,13.25h-12.523a31.474,31.474,0,0,1,3.96-10.049,31.9,31.9,0,0,1,6.961-8.031,31.674,31.674,0,0,1,9.273-5.324,31.55,31.55,0,0,1,10.9-1.928,31.5,31.5,0,0,1,17.413,5.227,31.92,31.92,0,0,1,11.506,13.493,31.914,31.914,0,0,1,11.5-13.493,31.494,31.494,0,0,1,17.411-5.227,31.616,31.616,0,0,1,9.845,1.563V54.043a19.573,19.573,0,0,0-9.845-2.654,19.684,19.684,0,0,0-18.57,13.25Zm-4.32-27.56h-12.081A37.026,37.026,0,0,1-576.944.1V12.176a24.7,24.7,0,0,0-9.685,1.961,24.867,24.867,0,0,0-7.916,5.342,24.87,24.87,0,0,0-5.342,7.917A24.69,24.69,0,0,0-601.847,37.08Z\" transform=\"translate(668 -0.095)\" fill=\"#029758\"><\/path><\/svg>\t\t\t\t\t\t<\/span>\n\t\t\t\t\t\t\t\t\t\t<span class=\"elementor-icon-list-text\">Food<\/span>\n\t\t\t\t\t\t\t\t\t<\/li>\n\t\t\t\t\t\t\t\t<li class=\"elementor-icon-list-item\">\n\t\t\t\t\t\t\t\t\t\t\t<span class=\"elementor-icon-list-icon\">\n\t\t\t\t\t\t\t<svg xmlns=\"http:\/\/www.w3.org\/2000\/svg\" width=\"92.557\" height=\"142.478\" viewBox=\"0 0 92.557 142.478\"><path id=\"Sustracci&#xF3;n_3\" data-name=\"Sustracci&#xF3;n 3\" d=\"M-589.2,133.2h-55.371a23.781,23.781,0,0,1-6.41-.868,22.879,22.879,0,0,1-5.618-2.421,23.552,23.552,0,0,1-8.23-8.406A23.555,23.555,0,0,1-668,110.169a22.885,22.885,0,0,1,.712-6.077,23.788,23.788,0,0,1,2.453-5.985l31.2-54.045h33.483l24.7,42.79v41.9A23.137,23.137,0,0,1-589.2,133.2Zm-37.959-77.935h0l-27.97,48.446a11.978,11.978,0,0,0,0,12.194,11.977,11.977,0,0,0,10.559,6.1H-589.2a11.99,11.99,0,0,0,10.561-6.1,11.987,11.987,0,0,0,0-12.194l-2.055-3.563h-36.188v-11.2h29.721l-6.466-11.2h-23.255v-11.2H-600.1l-6.516-11.287Zm4.676-22.4h-11.2V-9.282h44.825l-11.2,11.2h-.028V32.862h-11.2V1.919h-11.2V32.863Z\" transform=\"translate(667.999 9.282)\" fill=\"#6dca91\"><\/path><\/svg>\t\t\t\t\t\t<\/span>\n\t\t\t\t\t\t\t\t\t\t<span class=\"elementor-icon-list-text\">Biotechnology<\/span>\n\t\t\t\t\t\t\t\t\t<\/li>\n\t\t\t\t\t\t\t\t<li class=\"elementor-icon-list-item\">\n\t\t\t\t\t\t\t\t\t\t\t<span class=\"elementor-icon-list-icon\">\n\t\t\t\t\t\t\t<svg xmlns=\"http:\/\/www.w3.org\/2000\/svg\" width=\"101.5\" height=\"144.758\" viewBox=\"0 0 101.5 144.758\"><path id=\"Sustracci&#xF3;n_4\" data-name=\"Sustracci&#xF3;n 4\" d=\"M-599.736,132.045h-11.35V-1.363h-22.6V9.966h11.3V21.318h-11.3v11.35h11.3V44.019h-11.3v11.35h11.3V66.722h-11.3v65.322h-11.35V-12.713h45.3V132.044Zm22.754,0h-11.353V55.373h9.627l12.208,0V66.723h-10.482Zm-79.665,0H-668V78.075h11.353Zm0-65.32H-668V55.373h11.353v11.35Z\" transform=\"translate(668 12.713)\" fill=\"#c4b8be\"><\/path><\/svg>\t\t\t\t\t\t<\/span>\n\t\t\t\t\t\t\t\t\t\t<span class=\"elementor-icon-list-text\">Building and Civil Works<\/span>\n\t\t\t\t\t\t\t\t\t<\/li>\n\t\t\t\t\t\t<\/ul>\n\t\t\t\t\t\t<\/div>\n\t\t\t\t<\/div>\n\t\t\t\t\t<\/div>\n\t\t\t\t<\/div>\n\t\t<div class=\"elementor-element elementor-element-214835f e-flex e-con-boxed e-con e-child\" data-id=\"214835f\" data-element_type=\"container\" data-e-type=\"container\">\n\t\t\t\t\t<div class=\"e-con-inner\">\n\t\t\t\t<div data-dce-text-color=\"#000000\" class=\"elementor-element elementor-element-6c65f35 elementor-icon-list--layout-traditional elementor-list-item-link-full_width elementor-widget elementor-widget-icon-list\" data-id=\"6c65f35\" data-element_type=\"widget\" data-e-type=\"widget\" data-widget_type=\"icon-list.default\">\n\t\t\t\t<div class=\"elementor-widget-container\">\n\t\t\t\t\t\t\t<ul class=\"elementor-icon-list-items\">\n\t\t\t\t\t\t\t<li class=\"elementor-icon-list-item\">\n\t\t\t\t\t\t\t\t\t\t\t<span class=\"elementor-icon-list-icon\">\n\t\t\t\t\t\t\t<svg xmlns=\"http:\/\/www.w3.org\/2000\/svg\" width=\"130.5\" height=\"139.745\" viewBox=\"0 0 130.5 139.745\"><path id=\"Sustracci&#xF3;n_5\" data-name=\"Sustracci&#xF3;n 5\" d=\"M-546.821,130.068h-10.956V91.278h10.956Zm-70.559,0h-10.956V68.647h10.956Zm70.559-49.746h-10.956V56.875a18.341,18.341,0,0,1-5.181-2.574,18.543,18.543,0,0,1-4.1-4,18.249,18.249,0,0,1-3.662-11.011,18.449,18.449,0,0,1,.462-4.042l-27.187-15.7,5.477-9.486,27.2,15.707a18.344,18.344,0,0,1,12.463-4.9,18.344,18.344,0,0,1,12.464,4.9l2.336-1.349V50.24a18.543,18.543,0,0,1-4.111,4.04,18.336,18.336,0,0,1-5.21,2.6V80.321Zm-5.478-48.5a7.47,7.47,0,0,0-7.462,7.462A7.471,7.471,0,0,0-552.3,46.75a7.471,7.471,0,0,0,7.463-7.463A7.471,7.471,0,0,0-552.3,31.825ZM-662.523,68.513h0L-668,59.026l27.188-15.7a18.5,18.5,0,0,1-.463-4.043,18.245,18.245,0,0,1,3.662-11.009,18.542,18.542,0,0,1,4.1-4,18.338,18.338,0,0,1,5.18-2.574V-9.677h10.956V21.7a18.343,18.343,0,0,1,5.182,2.574,18.539,18.539,0,0,1,4.1,4,18.245,18.245,0,0,1,3.661,11.009,18.493,18.493,0,0,1-.46,4.043l27.188,15.7-5.478,9.485-27.2-15.7a18.34,18.34,0,0,1-12.463,4.9,18.341,18.341,0,0,1-12.462-4.9l-27.2,15.7Zm39.666-36.688a7.47,7.47,0,0,0-7.461,7.462,7.47,7.47,0,0,0,7.461,7.463,7.471,7.471,0,0,0,7.462-7.463A7.47,7.47,0,0,0-622.858,31.825Z\" transform=\"translate(668 9.677)\" fill=\"#f93\"><\/path><\/svg>\t\t\t\t\t\t<\/span>\n\t\t\t\t\t\t\t\t\t\t<span class=\"elementor-icon-list-text\">Energy and Environment<\/span>\n\t\t\t\t\t\t\t\t\t<\/li>\n\t\t\t\t\t\t\t\t<li class=\"elementor-icon-list-item\">\n\t\t\t\t\t\t\t\t\t\t\t<span class=\"elementor-icon-list-icon\">\n\t\t\t\t\t\t\t<svg xmlns=\"http:\/\/www.w3.org\/2000\/svg\" width=\"90.808\" height=\"144.758\" viewBox=\"0 0 90.808 144.758\"><path id=\"Sustracci&#xF3;n_7\" data-name=\"Sustracci&#xF3;n 7\" d=\"M-582.136,167.045h-75.416A10.459,10.459,0,0,1-668,156.6V141.435h11.379v14.231h73.552V141.435h5.878V165.8A10.461,10.461,0,0,1-582.136,167.045ZM-619.844,144.3a8.564,8.564,0,0,1-8.555-8.554,8.563,8.563,0,0,1,8.555-8.553,8.562,8.562,0,0,1,8.553,8.553A8.563,8.563,0,0,1-619.844,144.3Zm42.653-14.242h-5.878V33.664h-73.552v96.393H-668V32.732a10.458,10.458,0,0,1,10.447-10.445h75.416a10.462,10.462,0,0,1,4.945,1.242V130.057Zm-16.942-25.146H-625.86V95.266h31.727v9.645Zm-41.376,0h-10.047V95.266h10.047v9.645Zm41.376-19.423H-625.86V75.84h31.727v9.648Zm-41.376,0h-10.047V75.84h10.047v9.648Zm41.376-19.425H-625.86V56.416h31.727v9.648Zm-41.376,0h-10.047V56.416h10.047v9.648Z\" transform=\"translate(668 -22.287)\" fill=\"#175db2\"><\/path><\/svg>\t\t\t\t\t\t<\/span>\n\t\t\t\t\t\t\t\t\t\t<span class=\"elementor-icon-list-text\">TIC<\/span>\n\t\t\t\t\t\t\t\t\t<\/li>\n\t\t\t\t\t\t\t\t<li class=\"elementor-icon-list-item\">\n\t\t\t\t\t\t\t\t\t\t\t<span class=\"elementor-icon-list-icon\">\n\t\t\t\t\t\t\t<svg xmlns=\"http:\/\/www.w3.org\/2000\/svg\" width=\"119.635\" height=\"143.875\" viewBox=\"0 0 119.635 143.875\"><path id=\"Sustracci&#xF3;n_6\" data-name=\"Sustracci&#xF3;n 6\" d=\"M-590.409,147.559h-11.309V131.531h11.309v16.028Zm41.215-17.071h0l-11.332-11.335,8-8,4.166,4.166v14.336l-.828.828Zm-93.738,0h0l-7.995-8,11.334-11.334,7.995,8-11.332,11.335Zm46.87-10.221a44.426,44.426,0,0,1-16.121-3,44.464,44.464,0,0,1-13.5-8.251,44.6,44.6,0,0,1-14.654-27.74h11.458A33.446,33.446,0,0,0-617.628,101a33.2,33.2,0,0,0,9.878,5.838,33.059,33.059,0,0,0,11.689,2.119,33.052,33.052,0,0,0,11.688-2.119A33.2,33.2,0,0,0-574.5,101a33.448,33.448,0,0,0,11.252-19.725h11.458a44.6,44.6,0,0,1-14.654,27.74,44.461,44.461,0,0,1-13.5,8.251A44.419,44.419,0,0,1-596.061,120.267Zm-55.91-38.992H-668V69.966h16.029V81.274Zm23.09-11.309h-11.458a44.6,44.6,0,0,1,14.654-27.739,44.463,44.463,0,0,1,13.5-8.25,44.429,44.429,0,0,1,16.121-3,44.423,44.423,0,0,1,16.12,3,44.461,44.461,0,0,1,13.5,8.25,44.6,44.6,0,0,1,14.653,27.738h-11.458A33.444,33.444,0,0,0-574.5,50.242a33.2,33.2,0,0,0-9.878-5.838,33.053,33.053,0,0,0-11.687-2.119A33.06,33.06,0,0,0-607.75,44.4a33.2,33.2,0,0,0-9.878,5.838A33.444,33.444,0,0,0-628.88,69.966Zm76.35-29.881h0l-7.995-8,11.333-11.334.829.829V35.92l-4.165,4.166Zm-87.062,0h0l-11.333-11.335,8-8L-631.6,32.089l-7.994,8Zm49.184-20.375h-11.309V3.685h11.309V19.71Z\" transform=\"translate(668 -3.685)\" fill=\"#ff5f60\"><\/path><\/svg>\t\t\t\t\t\t<\/span>\n\t\t\t\t\t\t\t\t\t\t<span class=\"elementor-icon-list-text\">Leisure and Tourism<\/span>\n\t\t\t\t\t\t\t\t\t<\/li>\n\t\t\t\t\t\t<\/ul>\n\t\t\t\t\t\t<\/div>\n\t\t\t\t<\/div>\n\t\t\t\t\t<\/div>\n\t\t\t\t<\/div>\n\t\t<div class=\"elementor-element elementor-element-6c7d424 elementor-hidden-tablet elementor-hidden-mobile e-flex e-con-boxed e-con e-child\" data-id=\"6c7d424\" data-element_type=\"container\" data-e-type=\"container\">\n\t\t\t\t\t<div class=\"e-con-inner\">\n\t\t\t\t\t<\/div>\n\t\t\t\t<\/div>\n\t\t\t\t\t<\/div>\n\t\t\t\t<\/div>\n\t\t\t\t<div class=\"elementor-element elementor-element-138fe42 elementor-widget elementor-widget-html\" data-id=\"138fe42\" data-element_type=\"widget\" data-e-type=\"widget\" data-widget_type=\"html.default\">\n\t\t\t\t<div class=\"elementor-widget-container\">\n\t\t\t\t\t<script>\/\/ Change mySelect to your Select Box ID\nsel = document.getElementById(\"mySelect\");\n\/\/ Change \"sect1\" to your section IDs\nsect1 = document.getElementById(\"informacion-institucional-y-organizativa\");\nsect2 = document.getElementById(\"informacion-economica-y-presupuestaria\");\nsect3 = document.getElementById(\"sectoral-technical-committees\");\nsect4 = document.getElementById(\"organos-gobierno\");\nsect5 = document.getElementById(\"compliance\");\nsel.addEventListener('change', function(){\n   idx = sel.selectedIndex;\n   \/\/ Log for debugging\n   \/\/console.log(idx);\n   switch(idx){\n   case 1: sect1.scrollIntoView({ behavior: 'smooth'});break;\n   case 2: sect2.scrollIntoView({ behavior: 'smooth'});break;\n   case 3: sect2.scrollIntoView({ behavior: 'smooth'});break;\n   case 4: window.location.href = 'https:\/\/www.corporaciontecnologica.com\/organos-de-gobierno\/';break;\n   case 5: window.location.href = 'https:\/\/www.corporaciontecnologica.com\/en\/objectives-vision-mission-and-quality-policy\/';break;\n   default: break;\n}\n});\n<\/script>\t\t\t\t<\/div>\n\t\t\t\t<\/div>\n\t\t\t\t\t<\/div>\n\t\t\t\t<\/div>\n\t\t\t\t\t<\/div>\n\t\t\t\t<\/div>\n\t\t\t\t\t<\/div>\n\t\t\t\t<\/div>\n\t\t\t\t<\/div>\n\t\t","protected":false},"excerpt":{"rendered":"<p>Advisory body Sectoral technical committees They are sectoral advisory bodies whose mission is: Advise the Management in the definition of the main lines of action Promote prospective technological studies Report on the evolution of the incentivized projects Generate networking among its members. There is a CTS for each of the strategic sectors in which CTA [&hellip;]<\/p>\n","protected":false},"author":2,"featured_media":0,"parent":0,"menu_order":0,"comment_status":"closed","ping_status":"closed","template":"elementor_header_footer","meta":{"footnotes":""},"class_list":["post-63725","page","type-page","status-publish","hentry"],"yoast_head":"<!-- This site is optimized with the Yoast SEO Premium plugin v27.3 (Yoast SEO v27.3) - https:\/\/yoast.com\/product\/yoast-seo-premium-wordpress\/ -->\n<title>Advisory body - Corporaci\u00f3n Tecnol\u00f3gica de Andaluc\u00eda CTA<\/title>\n<meta name=\"robots\" content=\"index, follow, max-snippet:-1, max-image-preview:large, max-video-preview:-1\" \/>\n<link rel=\"canonical\" href=\"https:\/\/www.corporaciontecnologica.com\/en\/advisory-body\/\" \/>\n<meta property=\"og:locale\" content=\"en_US\" \/>\n<meta property=\"og:type\" content=\"article\" \/>\n<meta property=\"og:title\" content=\"Advisory body\" \/>\n<meta property=\"og:description\" content=\"Advisory body Sectoral technical committees They are sectoral advisory bodies whose mission is: Advise the Management in the definition of the main lines of action Promote prospective technological studies Report on the evolution of the incentivized projects Generate networking among its members. There is a CTS for each of the strategic sectors in which CTA [&hellip;]\" \/>\n<meta property=\"og:url\" content=\"https:\/\/www.corporaciontecnologica.com\/en\/advisory-body\/\" \/>\n<meta property=\"og:site_name\" content=\"Corporaci\u00f3n Tecnol\u00f3gica de Andaluc\u00eda CTA\" \/>\n<meta property=\"article:publisher\" content=\"https:\/\/www.facebook.com\/CTAndalucia\" \/>\n<meta property=\"article:modified_time\" content=\"2025-04-25T08:22:05+00:00\" \/>\n<meta name=\"twitter:card\" content=\"summary_large_image\" \/>\n<meta name=\"twitter:site\" content=\"@CTAndalucia\" \/>\n<meta name=\"twitter:label1\" content=\"Est. reading time\" \/>\n\t<meta name=\"twitter:data1\" content=\"1 minute\" \/>\n<script type=\"application\/ld+json\" class=\"yoast-schema-graph\">{\"@context\":\"https:\\\/\\\/schema.org\",\"@graph\":[{\"@type\":\"WebPage\",\"@id\":\"https:\\\/\\\/www.corporaciontecnologica.com\\\/en\\\/advisory-body\\\/\",\"url\":\"https:\\\/\\\/www.corporaciontecnologica.com\\\/en\\\/advisory-body\\\/\",\"name\":\"Advisory body - Corporaci\u00f3n Tecnol\u00f3gica de Andaluc\u00eda CTA\",\"isPartOf\":{\"@id\":\"https:\\\/\\\/www.corporaciontecnologica.com\\\/#website\"},\"datePublished\":\"2025-04-25T08:14:21+00:00\",\"dateModified\":\"2025-04-25T08:22:05+00:00\",\"breadcrumb\":{\"@id\":\"https:\\\/\\\/www.corporaciontecnologica.com\\\/en\\\/advisory-body\\\/#breadcrumb\"},\"inLanguage\":\"en-US\",\"potentialAction\":[{\"@type\":\"ReadAction\",\"target\":[\"https:\\\/\\\/www.corporaciontecnologica.com\\\/en\\\/advisory-body\\\/\"]}]},{\"@type\":\"BreadcrumbList\",\"@id\":\"https:\\\/\\\/www.corporaciontecnologica.com\\\/en\\\/advisory-body\\\/#breadcrumb\",\"itemListElement\":[{\"@type\":\"ListItem\",\"position\":1,\"name\":\"Home\",\"item\":\"https:\\\/\\\/www.corporaciontecnologica.com\\\/\"},{\"@type\":\"ListItem\",\"position\":2,\"name\":\"Advisory body\"}]},{\"@type\":\"WebSite\",\"@id\":\"https:\\\/\\\/www.corporaciontecnologica.com\\\/#website\",\"url\":\"https:\\\/\\\/www.corporaciontecnologica.com\\\/\",\"name\":\"Corporaci\u00f3n Tecnol\u00f3gica de Andaluc\u00eda CTA\",\"description\":\"\",\"publisher\":{\"@id\":\"https:\\\/\\\/www.corporaciontecnologica.com\\\/#organization\"},\"potentialAction\":[{\"@type\":\"SearchAction\",\"target\":{\"@type\":\"EntryPoint\",\"urlTemplate\":\"https:\\\/\\\/www.corporaciontecnologica.com\\\/?s={search_term_string}\"},\"query-input\":{\"@type\":\"PropertyValueSpecification\",\"valueRequired\":true,\"valueName\":\"search_term_string\"}}],\"inLanguage\":\"en-US\"},{\"@type\":\"Organization\",\"@id\":\"https:\\\/\\\/www.corporaciontecnologica.com\\\/#organization\",\"name\":\"Corporaci\u00f3n Tecnol\u00f3gica de Andaluc\u00eda CTA\",\"url\":\"https:\\\/\\\/www.corporaciontecnologica.com\\\/\",\"logo\":{\"@type\":\"ImageObject\",\"inLanguage\":\"en-US\",\"@id\":\"https:\\\/\\\/www.corporaciontecnologica.com\\\/#\\\/schema\\\/logo\\\/image\\\/\",\"url\":\"https:\\\/\\\/www.corporaciontecnologica.com\\\/wp-content\\\/uploads\\\/2025\\\/01\\\/cropped-350x100TransparenteBlanco.png\",\"contentUrl\":\"https:\\\/\\\/www.corporaciontecnologica.com\\\/wp-content\\\/uploads\\\/2025\\\/01\\\/cropped-350x100TransparenteBlanco.png\",\"width\":349,\"height\":99,\"caption\":\"Corporaci\u00f3n Tecnol\u00f3gica de Andaluc\u00eda CTA\"},\"image\":{\"@id\":\"https:\\\/\\\/www.corporaciontecnologica.com\\\/#\\\/schema\\\/logo\\\/image\\\/\"},\"sameAs\":[\"https:\\\/\\\/www.facebook.com\\\/CTAndalucia\",\"https:\\\/\\\/x.com\\\/CTAndalucia\",\"https:\\\/\\\/www.linkedin.com\\\/company\\\/cta-corporaci-n-tecnol-gica-de-andaluc-a-\"]}]}<\/script>\n<!-- \/ Yoast SEO Premium plugin. -->","yoast_head_json":{"title":"Advisory body - Corporaci\u00f3n Tecnol\u00f3gica de Andaluc\u00eda CTA","robots":{"index":"index","follow":"follow","max-snippet":"max-snippet:-1","max-image-preview":"max-image-preview:large","max-video-preview":"max-video-preview:-1"},"canonical":"https:\/\/www.corporaciontecnologica.com\/en\/advisory-body\/","og_locale":"en_US","og_type":"article","og_title":"Advisory body","og_description":"Advisory body Sectoral technical committees They are sectoral advisory bodies whose mission is: Advise the Management in the definition of the main lines of action Promote prospective technological studies Report on the evolution of the incentivized projects Generate networking among its members. There is a CTS for each of the strategic sectors in which CTA [&hellip;]","og_url":"https:\/\/www.corporaciontecnologica.com\/en\/advisory-body\/","og_site_name":"Corporaci\u00f3n Tecnol\u00f3gica de Andaluc\u00eda CTA","article_publisher":"https:\/\/www.facebook.com\/CTAndalucia","article_modified_time":"2025-04-25T08:22:05+00:00","twitter_card":"summary_large_image","twitter_site":"@CTAndalucia","twitter_misc":{"Est. reading time":"1 minute"},"schema":{"@context":"https:\/\/schema.org","@graph":[{"@type":"WebPage","@id":"https:\/\/www.corporaciontecnologica.com\/en\/advisory-body\/","url":"https:\/\/www.corporaciontecnologica.com\/en\/advisory-body\/","name":"Advisory body - Corporaci\u00f3n Tecnol\u00f3gica de Andaluc\u00eda CTA","isPartOf":{"@id":"https:\/\/www.corporaciontecnologica.com\/#website"},"datePublished":"2025-04-25T08:14:21+00:00","dateModified":"2025-04-25T08:22:05+00:00","breadcrumb":{"@id":"https:\/\/www.corporaciontecnologica.com\/en\/advisory-body\/#breadcrumb"},"inLanguage":"en-US","potentialAction":[{"@type":"ReadAction","target":["https:\/\/www.corporaciontecnologica.com\/en\/advisory-body\/"]}]},{"@type":"BreadcrumbList","@id":"https:\/\/www.corporaciontecnologica.com\/en\/advisory-body\/#breadcrumb","itemListElement":[{"@type":"ListItem","position":1,"name":"Home","item":"https:\/\/www.corporaciontecnologica.com\/"},{"@type":"ListItem","position":2,"name":"Advisory body"}]},{"@type":"WebSite","@id":"https:\/\/www.corporaciontecnologica.com\/#website","url":"https:\/\/www.corporaciontecnologica.com\/","name":"Corporaci\u00f3n Tecnol\u00f3gica de Andaluc\u00eda CTA","description":"","publisher":{"@id":"https:\/\/www.corporaciontecnologica.com\/#organization"},"potentialAction":[{"@type":"SearchAction","target":{"@type":"EntryPoint","urlTemplate":"https:\/\/www.corporaciontecnologica.com\/?s={search_term_string}"},"query-input":{"@type":"PropertyValueSpecification","valueRequired":true,"valueName":"search_term_string"}}],"inLanguage":"en-US"},{"@type":"Organization","@id":"https:\/\/www.corporaciontecnologica.com\/#organization","name":"Corporaci\u00f3n Tecnol\u00f3gica de Andaluc\u00eda CTA","url":"https:\/\/www.corporaciontecnologica.com\/","logo":{"@type":"ImageObject","inLanguage":"en-US","@id":"https:\/\/www.corporaciontecnologica.com\/#\/schema\/logo\/image\/","url":"https:\/\/www.corporaciontecnologica.com\/wp-content\/uploads\/2025\/01\/cropped-350x100TransparenteBlanco.png","contentUrl":"https:\/\/www.corporaciontecnologica.com\/wp-content\/uploads\/2025\/01\/cropped-350x100TransparenteBlanco.png","width":349,"height":99,"caption":"Corporaci\u00f3n Tecnol\u00f3gica de Andaluc\u00eda CTA"},"image":{"@id":"https:\/\/www.corporaciontecnologica.com\/#\/schema\/logo\/image\/"},"sameAs":["https:\/\/www.facebook.com\/CTAndalucia","https:\/\/x.com\/CTAndalucia","https:\/\/www.linkedin.com\/company\/cta-corporaci-n-tecnol-gica-de-andaluc-a-"]}]}},"_links":{"self":[{"href":"https:\/\/www.corporaciontecnologica.com\/en\/wp-json\/wp\/v2\/pages\/63725","targetHints":{"allow":["GET"]}}],"collection":[{"href":"https:\/\/www.corporaciontecnologica.com\/en\/wp-json\/wp\/v2\/pages"}],"about":[{"href":"https:\/\/www.corporaciontecnologica.com\/en\/wp-json\/wp\/v2\/types\/page"}],"author":[{"embeddable":true,"href":"https:\/\/www.corporaciontecnologica.com\/en\/wp-json\/wp\/v2\/users\/2"}],"replies":[{"embeddable":true,"href":"https:\/\/www.corporaciontecnologica.com\/en\/wp-json\/wp\/v2\/comments?post=63725"}],"version-history":[{"count":4,"href":"https:\/\/www.corporaciontecnologica.com\/en\/wp-json\/wp\/v2\/pages\/63725\/revisions"}],"predecessor-version":[{"id":63731,"href":"https:\/\/www.corporaciontecnologica.com\/en\/wp-json\/wp\/v2\/pages\/63725\/revisions\/63731"}],"wp:attachment":[{"href":"https:\/\/www.corporaciontecnologica.com\/en\/wp-json\/wp\/v2\/media?parent=63725"}],"curies":[{"name":"wp","href":"https:\/\/api.w.org\/{rel}","templated":true}]}}