{"id":65424,"date":"2025-09-17T10:27:49","date_gmt":"2025-09-17T09:27:49","guid":{"rendered":"https:\/\/www.corporaciontecnologica.com\/?page_id=65424"},"modified":"2025-09-26T10:06:50","modified_gmt":"2025-09-26T09:06:50","slug":"plan-estrategico-26-29","status":"publish","type":"page","link":"https:\/\/www.corporaciontecnologica.com\/en\/plan-estrategico-26-29\/","title":{"rendered":"Plan Estrat\u00e9gico 26-29"},"content":{"rendered":"\t\t<div data-elementor-type=\"wp-page\" data-elementor-id=\"65424\" class=\"elementor elementor-65424\" data-elementor-post-type=\"page\">\n\t\t\t\t<div data-dce-background-color=\"#191919\" data-dce-background-image-url=\"https:\/\/www.corporaciontecnologica.com\/wp-content\/uploads\/2022\/11\/bg-header-s.png\" class=\"elementor-element elementor-element-a8ff4b8 e-flex e-con-boxed e-con e-parent\" data-id=\"a8ff4b8\" data-element_type=\"container\" data-e-type=\"container\" data-settings=\"{&quot;background_background&quot;:&quot;classic&quot;}\">\n\t\t\t\t\t<div class=\"e-con-inner\">\n\t\t\t\t<div data-dce-title-color=\"#FFFFFF\" class=\"elementor-element elementor-element-2681230 elementor-widget elementor-widget-heading\" data-id=\"2681230\" data-element_type=\"widget\" data-e-type=\"widget\" data-widget_type=\"heading.default\">\n\t\t\t\t<div class=\"elementor-widget-container\">\n\t\t\t\t\t<h2 class=\"elementor-heading-title elementor-size-default\">Plan Estrat\u00e9gico<\/br>26-29<\/h2>\t\t\t\t<\/div>\n\t\t\t\t<\/div>\n\t\t\t\t\t<\/div>\n\t\t\t\t<\/div>\n\t\t<div class=\"elementor-element elementor-element-d694413 e-flex e-con-boxed e-con e-parent\" data-id=\"d694413\" data-element_type=\"container\" data-e-type=\"container\">\n\t\t\t\t\t<div class=\"e-con-inner\">\n\t\t<div class=\"elementor-element elementor-element-71b5214 e-flex e-con-boxed e-con e-child\" data-id=\"71b5214\" data-element_type=\"container\" data-e-type=\"container\">\n\t\t\t\t\t<div class=\"e-con-inner\">\n\t\t<div class=\"elementor-element elementor-element-d00f54e e-con-full e-flex e-con e-child\" data-id=\"d00f54e\" data-element_type=\"container\" data-e-type=\"container\">\n\t\t\t\t<div class=\"elementor-element elementor-element-811eba4 elementor-invisible elementor-widget elementor-widget-heading\" data-id=\"811eba4\" data-element_type=\"widget\" data-e-type=\"widget\" data-settings=\"{&quot;_animation&quot;:&quot;fadeInUp&quot;}\" data-widget_type=\"heading.default\">\n\t\t\t\t<div class=\"elementor-widget-container\">\n\t\t\t\t\t<h2 class=\"elementor-heading-title elementor-size-default\">CTA evoluciona hacia un nuevo modelo basado en impulsar su actividad internacional y la prestaci\u00f3n de servicios avanzados en materia de innovaci\u00f3n<\/h2>\t\t\t\t<\/div>\n\t\t\t\t<\/div>\n\t\t\t\t<div class=\"elementor-element elementor-element-0ec368b elementor-widget__width-inherit elementor-widget-divider--view-line elementor-invisible elementor-widget elementor-widget-divider\" data-id=\"0ec368b\" data-element_type=\"widget\" data-e-type=\"widget\" data-settings=\"{&quot;_animation&quot;:&quot;fadeInUp&quot;,&quot;_animation_delay&quot;:500}\" data-widget_type=\"divider.default\">\n\t\t\t\t<div class=\"elementor-widget-container\">\n\t\t\t\t\t\t\t<div class=\"elementor-divider\">\n\t\t\t<span class=\"elementor-divider-separator\">\n\t\t\t\t\t\t<\/span>\n\t\t<\/div>\n\t\t\t\t\t\t<\/div>\n\t\t\t\t<\/div>\n\t\t\t\t<div data-dce-text-color=\"#000000\" class=\"elementor-element elementor-element-20b4cd5 elementor-invisible elementor-widget elementor-widget-text-editor\" data-id=\"20b4cd5\" data-element_type=\"widget\" data-e-type=\"widget\" data-settings=\"{&quot;_animation&quot;:&quot;fadeIn&quot;,&quot;_animation_delay&quot;:750}\" data-widget_type=\"text-editor.default\">\n\t\t\t\t<div class=\"elementor-widget-container\">\n\t\t\t\t\t\t\t\t\t<p>El Patronato de CTA, en su reuni\u00f3n del pasado 25 de junio de 2025, aprob\u00f3 el nuevo Plan Estrat\u00e9gico de CTA para el periodo 2026-2029 con el objetivo de evolucionar el modelo de esta fundaci\u00f3n de acuerdo con el contexto actual. Abajo, puedes descargar un resumen de este Plan Estrat\u00e9gico en el que se explican la evoluci\u00f3n de CTA, el reto, el contexto, la soluci\u00f3n, la propuesta de valor, las l\u00edneas de actividad, los objetivos y el calendario de ejecuci\u00f3n, entre otros aspectos.<\/p>\t\t\t\t\t\t\t\t<\/div>\n\t\t\t\t<\/div>\n\t\t\t\t<div class=\"elementor-element elementor-element-9303ee2 elementor-tablet-align-center elementor-mobile-align-left elementor-widget elementor-widget-button\" data-id=\"9303ee2\" data-element_type=\"widget\" data-e-type=\"widget\" data-widget_type=\"button.default\">\n\t\t\t\t<div class=\"elementor-widget-container\">\n\t\t\t\t\t\t\t\t\t<div class=\"elementor-button-wrapper\">\n\t\t\t\t\t<a class=\"elementor-button elementor-button-link elementor-size-sm\" href=\"https:\/\/www.corporaciontecnologica.com\/descargar-contenido\/?id_descarga=resumen-plan-estrategico-26-29&#038;titulo=\u201cResumen%20Plan%20Estrat\u00e9gico%2026-29\u201d\" target=\"_blank\" aria-label=\"Ir a la p\u00e1gina de suscripci\u00f3n a la newsletter\">\n\t\t\t\t\t\t<span class=\"elementor-button-content-wrapper\">\n\t\t\t\t\t\t\t\t\t<span class=\"elementor-button-text\">Descarga Resumen Plan Estrat\u00e9gico<\/span>\n\t\t\t\t\t<\/span>\n\t\t\t\t\t<\/a>\n\t\t\t\t<\/div>\n\t\t\t\t\t\t\t\t<\/div>\n\t\t\t\t<\/div>\n\t\t\t\t<\/div>\n\t\t\t\t\t<\/div>\n\t\t\t\t<\/div>\n\t\t\t\t\t<\/div>\n\t\t\t\t<\/div>\n\t\t\t\t<\/div>\n\t\t","protected":false},"excerpt":{"rendered":"<p>Plan Estrat\u00e9gico26-29 CTA evoluciona hacia un nuevo modelo basado en impulsar su actividad internacional y la prestaci\u00f3n de servicios avanzados en materia de innovaci\u00f3n El Patronato de CTA, en su reuni\u00f3n del pasado 25 de junio de 2025, aprob\u00f3 el nuevo Plan Estrat\u00e9gico de CTA para el periodo 2026-2029 con el objetivo de evolucionar el [&hellip;]<\/p>\n","protected":false},"author":2,"featured_media":0,"parent":0,"menu_order":0,"comment_status":"closed","ping_status":"closed","template":"elementor_header_footer","meta":{"footnotes":""},"class_list":["post-65424","page","type-page","status-publish","hentry"],"yoast_head":"<!-- This site is optimized with the Yoast SEO Premium plugin v27.2 (Yoast SEO v27.2) - https:\/\/yoast.com\/product\/yoast-seo-premium-wordpress\/ -->\n<title>Plan Estrat\u00e9gico 26-29 - Corporaci\u00f3n Tecnol\u00f3gica de Andaluc\u00eda CTA<\/title>\n<meta name=\"robots\" content=\"index, follow, max-snippet:-1, max-image-preview:large, max-video-preview:-1\" \/>\n<link rel=\"canonical\" href=\"https:\/\/www.corporaciontecnologica.com\/plan-estrategico-26-29\/\" \/>\n<meta property=\"og:locale\" content=\"en_US\" \/>\n<meta property=\"og:type\" content=\"article\" \/>\n<meta property=\"og:title\" content=\"Plan Estrat\u00e9gico 26-29\" \/>\n<meta property=\"og:description\" content=\"Plan Estrat\u00e9gico26-29 CTA evoluciona hacia un nuevo modelo basado en impulsar su actividad internacional y la prestaci\u00f3n de servicios avanzados en materia de innovaci\u00f3n El Patronato de CTA, en su reuni\u00f3n del pasado 25 de junio de 2025, aprob\u00f3 el nuevo Plan Estrat\u00e9gico de CTA para el periodo 2026-2029 con el objetivo de evolucionar el [&hellip;]\" \/>\n<meta property=\"og:url\" content=\"https:\/\/www.corporaciontecnologica.com\/plan-estrategico-26-29\/\" \/>\n<meta property=\"og:site_name\" content=\"Corporaci\u00f3n Tecnol\u00f3gica de Andaluc\u00eda CTA\" \/>\n<meta property=\"article:publisher\" content=\"https:\/\/www.facebook.com\/CTAndalucia\" \/>\n<meta property=\"article:modified_time\" content=\"2025-09-26T09:06:50+00:00\" \/>\n<meta name=\"twitter:card\" content=\"summary_large_image\" \/>\n<meta name=\"twitter:site\" content=\"@CTAndalucia\" \/>\n<meta name=\"twitter:label1\" content=\"Est. reading time\" \/>\n\t<meta name=\"twitter:data1\" content=\"1 minute\" \/>\n<script type=\"application\/ld+json\" class=\"yoast-schema-graph\">{\"@context\":\"https:\/\/schema.org\",\"@graph\":[{\"@type\":\"WebPage\",\"@id\":\"https:\/\/www.corporaciontecnologica.com\/plan-estrategico-26-29\/\",\"url\":\"https:\/\/www.corporaciontecnologica.com\/plan-estrategico-26-29\/\",\"name\":\"Plan Estrat\u00e9gico 26-29 - Corporaci\u00f3n Tecnol\u00f3gica de Andaluc\u00eda CTA\",\"isPartOf\":{\"@id\":\"https:\/\/www.corporaciontecnologica.com\/#website\"},\"datePublished\":\"2025-09-17T09:27:49+00:00\",\"dateModified\":\"2025-09-26T09:06:50+00:00\",\"breadcrumb\":{\"@id\":\"https:\/\/www.corporaciontecnologica.com\/plan-estrategico-26-29\/#breadcrumb\"},\"inLanguage\":\"en-US\",\"potentialAction\":[{\"@type\":\"ReadAction\",\"target\":[\"https:\/\/www.corporaciontecnologica.com\/plan-estrategico-26-29\/\"]}]},{\"@type\":\"BreadcrumbList\",\"@id\":\"https:\/\/www.corporaciontecnologica.com\/plan-estrategico-26-29\/#breadcrumb\",\"itemListElement\":[{\"@type\":\"ListItem\",\"position\":1,\"name\":\"Home\",\"item\":\"https:\/\/www.corporaciontecnologica.com\/\"},{\"@type\":\"ListItem\",\"position\":2,\"name\":\"Plan Estrat\u00e9gico 26-29\"}]},{\"@type\":\"WebSite\",\"@id\":\"https:\/\/www.corporaciontecnologica.com\/#website\",\"url\":\"https:\/\/www.corporaciontecnologica.com\/\",\"name\":\"Corporaci\u00f3n Tecnol\u00f3gica de Andaluc\u00eda CTA\",\"description\":\"\",\"publisher\":{\"@id\":\"https:\/\/www.corporaciontecnologica.com\/#organization\"},\"potentialAction\":[{\"@type\":\"SearchAction\",\"target\":{\"@type\":\"EntryPoint\",\"urlTemplate\":\"https:\/\/www.corporaciontecnologica.com\/?s={search_term_string}\"},\"query-input\":{\"@type\":\"PropertyValueSpecification\",\"valueRequired\":true,\"valueName\":\"search_term_string\"}}],\"inLanguage\":\"en-US\"},{\"@type\":\"Organization\",\"@id\":\"https:\/\/www.corporaciontecnologica.com\/#organization\",\"name\":\"Corporaci\u00f3n Tecnol\u00f3gica de Andaluc\u00eda CTA\",\"url\":\"https:\/\/www.corporaciontecnologica.com\/\",\"logo\":{\"@type\":\"ImageObject\",\"inLanguage\":\"en-US\",\"@id\":\"https:\/\/www.corporaciontecnologica.com\/#\/schema\/logo\/image\/\",\"url\":\"https:\/\/www.corporaciontecnologica.com\/wp-content\/uploads\/2025\/01\/cropped-350x100TransparenteBlanco.png\",\"contentUrl\":\"https:\/\/www.corporaciontecnologica.com\/wp-content\/uploads\/2025\/01\/cropped-350x100TransparenteBlanco.png\",\"width\":349,\"height\":99,\"caption\":\"Corporaci\u00f3n Tecnol\u00f3gica de Andaluc\u00eda CTA\"},\"image\":{\"@id\":\"https:\/\/www.corporaciontecnologica.com\/#\/schema\/logo\/image\/\"},\"sameAs\":[\"https:\/\/www.facebook.com\/CTAndalucia\",\"https:\/\/x.com\/CTAndalucia\",\"https:\/\/www.linkedin.com\/company\/cta-corporaci-n-tecnol-gica-de-andaluc-a-\"]}]}<\/script>\n<!-- \/ Yoast SEO Premium plugin. -->","yoast_head_json":{"title":"Plan Estrat\u00e9gico 26-29 - Corporaci\u00f3n Tecnol\u00f3gica de Andaluc\u00eda CTA","robots":{"index":"index","follow":"follow","max-snippet":"max-snippet:-1","max-image-preview":"max-image-preview:large","max-video-preview":"max-video-preview:-1"},"canonical":"https:\/\/www.corporaciontecnologica.com\/plan-estrategico-26-29\/","og_locale":"en_US","og_type":"article","og_title":"Plan Estrat\u00e9gico 26-29","og_description":"Plan Estrat\u00e9gico26-29 CTA evoluciona hacia un nuevo modelo basado en impulsar su actividad internacional y la prestaci\u00f3n de servicios avanzados en materia de innovaci\u00f3n El Patronato de CTA, en su reuni\u00f3n del pasado 25 de junio de 2025, aprob\u00f3 el nuevo Plan Estrat\u00e9gico de CTA para el periodo 2026-2029 con el objetivo de evolucionar el [&hellip;]","og_url":"https:\/\/www.corporaciontecnologica.com\/plan-estrategico-26-29\/","og_site_name":"Corporaci\u00f3n Tecnol\u00f3gica de Andaluc\u00eda CTA","article_publisher":"https:\/\/www.facebook.com\/CTAndalucia","article_modified_time":"2025-09-26T09:06:50+00:00","twitter_card":"summary_large_image","twitter_site":"@CTAndalucia","twitter_misc":{"Est. reading time":"1 minute"},"schema":{"@context":"https:\/\/schema.org","@graph":[{"@type":"WebPage","@id":"https:\/\/www.corporaciontecnologica.com\/plan-estrategico-26-29\/","url":"https:\/\/www.corporaciontecnologica.com\/plan-estrategico-26-29\/","name":"Plan Estrat\u00e9gico 26-29 - Corporaci\u00f3n Tecnol\u00f3gica de Andaluc\u00eda CTA","isPartOf":{"@id":"https:\/\/www.corporaciontecnologica.com\/#website"},"datePublished":"2025-09-17T09:27:49+00:00","dateModified":"2025-09-26T09:06:50+00:00","breadcrumb":{"@id":"https:\/\/www.corporaciontecnologica.com\/plan-estrategico-26-29\/#breadcrumb"},"inLanguage":"en-US","potentialAction":[{"@type":"ReadAction","target":["https:\/\/www.corporaciontecnologica.com\/plan-estrategico-26-29\/"]}]},{"@type":"BreadcrumbList","@id":"https:\/\/www.corporaciontecnologica.com\/plan-estrategico-26-29\/#breadcrumb","itemListElement":[{"@type":"ListItem","position":1,"name":"Home","item":"https:\/\/www.corporaciontecnologica.com\/"},{"@type":"ListItem","position":2,"name":"Plan Estrat\u00e9gico 26-29"}]},{"@type":"WebSite","@id":"https:\/\/www.corporaciontecnologica.com\/#website","url":"https:\/\/www.corporaciontecnologica.com\/","name":"Corporaci\u00f3n Tecnol\u00f3gica de Andaluc\u00eda CTA","description":"","publisher":{"@id":"https:\/\/www.corporaciontecnologica.com\/#organization"},"potentialAction":[{"@type":"SearchAction","target":{"@type":"EntryPoint","urlTemplate":"https:\/\/www.corporaciontecnologica.com\/?s={search_term_string}"},"query-input":{"@type":"PropertyValueSpecification","valueRequired":true,"valueName":"search_term_string"}}],"inLanguage":"en-US"},{"@type":"Organization","@id":"https:\/\/www.corporaciontecnologica.com\/#organization","name":"Corporaci\u00f3n Tecnol\u00f3gica de Andaluc\u00eda CTA","url":"https:\/\/www.corporaciontecnologica.com\/","logo":{"@type":"ImageObject","inLanguage":"en-US","@id":"https:\/\/www.corporaciontecnologica.com\/#\/schema\/logo\/image\/","url":"https:\/\/www.corporaciontecnologica.com\/wp-content\/uploads\/2025\/01\/cropped-350x100TransparenteBlanco.png","contentUrl":"https:\/\/www.corporaciontecnologica.com\/wp-content\/uploads\/2025\/01\/cropped-350x100TransparenteBlanco.png","width":349,"height":99,"caption":"Corporaci\u00f3n Tecnol\u00f3gica de Andaluc\u00eda CTA"},"image":{"@id":"https:\/\/www.corporaciontecnologica.com\/#\/schema\/logo\/image\/"},"sameAs":["https:\/\/www.facebook.com\/CTAndalucia","https:\/\/x.com\/CTAndalucia","https:\/\/www.linkedin.com\/company\/cta-corporaci-n-tecnol-gica-de-andaluc-a-"]}]}},"_links":{"self":[{"href":"https:\/\/www.corporaciontecnologica.com\/en\/wp-json\/wp\/v2\/pages\/65424","targetHints":{"allow":["GET"]}}],"collection":[{"href":"https:\/\/www.corporaciontecnologica.com\/en\/wp-json\/wp\/v2\/pages"}],"about":[{"href":"https:\/\/www.corporaciontecnologica.com\/en\/wp-json\/wp\/v2\/types\/page"}],"author":[{"embeddable":true,"href":"https:\/\/www.corporaciontecnologica.com\/en\/wp-json\/wp\/v2\/users\/2"}],"replies":[{"embeddable":true,"href":"https:\/\/www.corporaciontecnologica.com\/en\/wp-json\/wp\/v2\/comments?post=65424"}],"version-history":[{"count":19,"href":"https:\/\/www.corporaciontecnologica.com\/en\/wp-json\/wp\/v2\/pages\/65424\/revisions"}],"predecessor-version":[{"id":65599,"href":"https:\/\/www.corporaciontecnologica.com\/en\/wp-json\/wp\/v2\/pages\/65424\/revisions\/65599"}],"wp:attachment":[{"href":"https:\/\/www.corporaciontecnologica.com\/en\/wp-json\/wp\/v2\/media?parent=65424"}],"curies":[{"name":"wp","href":"https:\/\/api.w.org\/{rel}","templated":true}]}}